{"id":1822,"date":"2020-09-14T03:08:14","date_gmt":"2020-09-14T03:08:14","guid":{"rendered":"http:\/\/ilanmoskovitch.com\/?page_id=1822"},"modified":"2020-09-14T03:10:16","modified_gmt":"2020-09-14T03:10:16","slug":"la-guerre-des-fils-de-la-lumiere-contre-les-fils-des-tenebres","status":"publish","type":"page","link":"http:\/\/ilanmoskovitch.com\/?page_id=1822","title":{"rendered":"La guerre des fils de la lumi\u00e8re contre les fils des t\u00e9n\u00e8bres"},"content":{"rendered":"<div class=\"fusion-fullwidth fullwidth-box fusion-builder-row-1 fusion-flex-container nonhundred-percent-fullwidth non-hundred-percent-height-scrolling\" style=\"background-color: rgba(255,255,255,0);background-position: center center;background-repeat: no-repeat;border-width: 0px 0px 0px 0px;border-color:#e2e2e2;border-style:solid;\" ><div class=\"fusion-builder-row fusion-row fusion-flex-align-items-flex-start\" style=\"max-width:1404px;margin-left: calc(-4% \/ 2 );margin-right: calc(-4% \/ 2 );\"><div class=\"fusion-layout-column fusion_builder_column fusion-builder-column-0 fusion_builder_column_2_3 2_3 fusion-flex-column fusion-animated\" data-animationType=\"fadeInRight\" data-animationDuration=\"1.0\" data-animationOffset=\"100%\"><div class=\"fusion-column-wrapper fusion-flex-justify-content-flex-start fusion-content-layout-column\" style=\"background-position:left top;background-repeat:no-repeat;-webkit-background-size:cover;-moz-background-size:cover;-o-background-size:cover;background-size:cover;padding: 0px 0px 0px 0px;\"><div class=\"fusion-text fusion-text-1\"><div class=\"page_title\">\n<section class=\"uneven-columns\">\n<div class=\"uneven-columns__second\">\n<div class=\"main-content--restricted\" data-search-rank=\"B\">\n<h1 class=\"long\">La guerre des fils de la lumi\u00e8re contre les fils des t\u00e9n\u00e8bres<\/h1>\n<p><span class=\"tc-text-label-inline\">Language:<\/span>\u00a0French<\/p>\n<p><span class=\"tc-text-label-inline\">Duration:<\/span>\u00a024 minutes<\/p>\n<p><span class=\"tc-text-label-inline\">Location:<\/span>\u00a0Avignon (Clo\u00eetre Saint-Louis)<\/p>\n<p><span class=\"tc-text-label-inline\">Participants \/ actors:<\/span>\u00a0Amos Gitai, meeting moderated by Antoine de Baecque<\/p>\n<p><span class=\"tc-text-label-inline\">Copyright:<\/span>\u00a0theatre-contemporain.net \/ Festival d&#8217;Avignon<\/p>\n<p><span class=\"tc-text-label-inline\">Added on<\/span>\u00a007\/06\/2009<\/p>\n<p><span class=\"tc-text-label-inline\">Type:<\/span>\u00a0Avignon press conference<\/p>\n<\/div>\n<p><span>The War of the Jews is a documented account by historian Flavius \u200b\u200bJosephus on the capture of Jerusalem by the Roman Empire and the end of Jewish sovereignty in AD 70. Amos Gitai appreciates the meticulous work of reporting. , likes the tone, mixing story and history, the style, between epic and intimate description.\u00a0<\/span><span>For Flavius \u200b\u200bJosephus belongs to both camps.\u00a0<\/span><span>By his birth, his education and his battles, he came from a large Jewish family and led the war against Rome in Galilee.\u00a0<\/span><span>By necessity, he becomes Roman.\u00a0<\/span><span>Taken prisoner, left alive on condition of reporting the Roman triumphs, he endorsed a Latin surname and entered fully into the imperial culture.\u00a0<\/span><span>The Romans knew that in order to establish their supremacy they had to glorify the people they had conquered.\u00a0<\/span><span>Amos Gitai finds contemporary resonances in this text by making, in its reading, a dialogue between tradition and modernity.\u00a0<\/span><span>The filmmaker thus went to film, south of Jerusalem, the natural fortress of Masada, the last refuge of the Jewish patriots who preferred to kill themselves rather than become slaves.\u00a0<\/span><span>In another mineral universe, Boulbon&#8217;s career, like two mirrored spaces, the words also reverberate from echo to echo: they become songs, sounds, music, noises.\u00a0<\/span><span>They switch from one language to another &#8211; French, Hebrew, Yiddish, Arabic, English.\u00a0<\/span><span>They embody one power or the other, raising questions: who are the occupier and the occupied, the empire and its rebel, the legitimate and the outlaw,\u00a0<\/span><span>in a world where everyone now fights with a reversed front?\u00a0<\/span><span>Open to the sky and at full risk, The War of the Sons of Light against the Sons of Darkness constitutes an acoustic challenge, a spatial manifesto, a challenge of the game. It is the rock, as much as the voices, that sings to Boulbon;\u00a0<\/span><span>it is the movements and the images that occupy the space in this turf war;\u00a0<\/span><span>it is Jeanne Moreau who interprets this canticle of the stones and plays, alongside other actor-singers from different countries, the narrator of this historical tale.\u00a0<\/span><span>ADB\u00a0<\/span><span>it is Jeanne Moreau who interprets this canticle of the stones and plays, alongside other actor-singers from different countries, the narrator of this historical tale.\u00a0<\/span><span>ADB\u00a0<\/span><span>it is Jeanne Moreau who interprets this canticle of the stones and plays, alongside other actor-singers from different countries, the narrator of this historical tale.\u00a0<\/span><span>ADB<\/span><\/p>\n<\/div>\n<\/section>\n<\/div>\n<\/div><div class=\"fusion-separator fusion-full-width-sep\" style=\"align-self: center;margin-left: auto;margin-right: auto;margin-top:1px;margin-bottom:1px;width:100%;\"><div class=\"fusion-separator-border sep-double\" style=\"border-color:rgba(226,226,226,0.1);border-top-width:1px;border-bottom-width:1px;\"><\/div><\/div><\/div><\/div><style type=\"text\/css\">.fusion-body .fusion-builder-column-0{width:66.666666666667% !important;margin-top : 0px;margin-bottom : 20px;}.fusion-builder-column-0 > .fusion-column-wrapper {padding-top : 0px !important;padding-right : 0px !important;margin-right : 2.88%;padding-bottom : 0px !important;padding-left : 0px !important;margin-left : 14.4%;}@media only screen and (max-width:900px) {.fusion-body .fusion-builder-column-0{width:100% !important;}.fusion-builder-column-0 > .fusion-column-wrapper {margin-right : 1.92%;margin-left : 5.76%;}}@media only screen and (max-width:640px) {.fusion-body .fusion-builder-column-0{width:100% !important;margin-bottom : 30px;}.fusion-builder-column-0 > .fusion-column-wrapper {margin-right : 1.92%;margin-left : 1.92%;}}<\/style><div class=\"fusion-layout-column fusion_builder_column fusion-builder-column-1 fusion_builder_column_1_3 1_3 fusion-flex-column fusion-animated\" data-animationType=\"fadeInUp\" data-animationDuration=\"1.0\" data-animationOffset=\"100%\"><div class=\"fusion-column-wrapper fusion-flex-justify-content-flex-start fusion-content-layout-column\" style=\"background-position:left top;background-repeat:no-repeat;-webkit-background-size:cover;-moz-background-size:cover;-o-background-size:cover;background-size:cover;padding: 0px 0px 0px 0%;\"><div class=\"fusion-separator fusion-no-medium-visibility fusion-no-large-visibility fusion-full-width-sep\" style=\"align-self: center;margin-left: auto;margin-right: auto;margin-bottom:35px;width:100%;\"><\/div><div class=\"fusion-text fusion-text-2\"><div style=\"position: relative; width: 100%; display: inline-block;\">\n<p><iframe style=\"border: none; position: absolute; top: 0; left: 0; width: 100%; height: 100%;\" src=\"https:\/\/www.theatre-contemporain.net\/embed\/lQNEmrW5\" allowfullscreen=\"allowfullscreen\"><\/iframe><\/p>\n<div style=\"padding-top: 56.25%;\"><\/div>\n<\/div>\n<\/div><div class=\"fusion-separator fusion-no-large-visibility fusion-full-width-sep\" style=\"align-self: center;margin-left: auto;margin-right: auto;margin-top:100px;margin-bottom:100px;width:100%;\"><\/div><div style=\"text-align:center;\"><div class=\"imageframe-liftup\" style=\"margin-top:20px;margin-bottom:20px;\"><span class=\" fusion-imageframe imageframe-none imageframe-1\"><a href=\"http:\/\/ilanmoskovitch.com\/wp-content\/uploads\/2020\/09\/MV5BZjk2ZmVmNTQtNjA1Yy00MjQzLWE5ODYtMjc2MTZhNTYwZDBkXkEyXkFqcGdeQXVyMjQzMzQzODY@._V1_.jpg\" class=\"fusion-lightbox\" data-rel=\"iLightbox[7c13bb19cf064dbf233]\" data-title=\"MV5BZjk2ZmVmNTQtNjA1Yy00MjQzLWE5ODYtMjc2MTZhNTYwZDBkXkEyXkFqcGdeQXVyMjQzMzQzODY@._V1_\" title=\"MV5BZjk2ZmVmNTQtNjA1Yy00MjQzLWE5ODYtMjc2MTZhNTYwZDBkXkEyXkFqcGdeQXVyMjQzMzQzODY@._V1_\"><img width=\"600\" image_height=\"400\" image_id=\"1537\" src=\"http:\/\/ilanmoskovitch.com\/wp-content\/uploads\/2020\/09\/MV5BZjk2ZmVmNTQtNjA1Yy00MjQzLWE5ODYtMjc2MTZhNTYwZDBkXkEyXkFqcGdeQXVyMjQzMzQzODY@._V1_.jpg\" class=\"img-responsive wp-image-1537\" srcset=\"http:\/\/ilanmoskovitch.com\/wp-content\/uploads\/2020\/09\/MV5BZjk2ZmVmNTQtNjA1Yy00MjQzLWE5ODYtMjc2MTZhNTYwZDBkXkEyXkFqcGdeQXVyMjQzMzQzODY@._V1_-200x133.jpg 200w, http:\/\/ilanmoskovitch.com\/wp-content\/uploads\/2020\/09\/MV5BZjk2ZmVmNTQtNjA1Yy00MjQzLWE5ODYtMjc2MTZhNTYwZDBkXkEyXkFqcGdeQXVyMjQzMzQzODY@._V1_-400x267.jpg 400w, http:\/\/ilanmoskovitch.com\/wp-content\/uploads\/2020\/09\/MV5BZjk2ZmVmNTQtNjA1Yy00MjQzLWE5ODYtMjc2MTZhNTYwZDBkXkEyXkFqcGdeQXVyMjQzMzQzODY@._V1_.jpg 600w\" sizes=\"(max-width: 900px) 100vw, (max-width: 640px) 100vw, 600px\" \/><\/a><\/span><\/div><\/div><\/div><\/div><style type=\"text\/css\">.fusion-body .fusion-builder-column-1{width:33.333333333333% !important;margin-top : 0px;margin-bottom : 200px;}.fusion-builder-column-1 > .fusion-column-wrapper {padding-top : 0px !important;padding-right : 0px !important;margin-right : 14.4%;padding-bottom : 0px !important;padding-left : 0% !important;margin-left : 5.76%;}@media only screen and (max-width:900px) {.fusion-body .fusion-builder-column-1{width:100% !important;order : 0;}.fusion-builder-column-1 > .fusion-column-wrapper {margin-right : 1.92%;margin-left : 1.92%;}}@media only screen and (max-width:640px) {.fusion-body .fusion-builder-column-1{width:100% !important;order : 0;}.fusion-builder-column-1 > .fusion-column-wrapper {margin-right : 1.92%;margin-left : 1.92%;}}<\/style><\/div><style type=\"text\/css\">.fusion-body .fusion-flex-container.fusion-builder-row-1{ padding-top : 0px;margin-top : 0px;padding-right : 0px;padding-bottom : 0px;margin-bottom : 8%;padding-left : 0px;}<\/style><\/div>\n","protected":false},"excerpt":{"rendered":"","protected":false},"author":1,"featured_media":1537,"parent":0,"menu_order":0,"comment_status":"closed","ping_status":"closed","template":"100-width.php","meta":[],"_links":{"self":[{"href":"http:\/\/ilanmoskovitch.com\/index.php?rest_route=\/wp\/v2\/pages\/1822"}],"collection":[{"href":"http:\/\/ilanmoskovitch.com\/index.php?rest_route=\/wp\/v2\/pages"}],"about":[{"href":"http:\/\/ilanmoskovitch.com\/index.php?rest_route=\/wp\/v2\/types\/page"}],"author":[{"embeddable":true,"href":"http:\/\/ilanmoskovitch.com\/index.php?rest_route=\/wp\/v2\/users\/1"}],"replies":[{"embeddable":true,"href":"http:\/\/ilanmoskovitch.com\/index.php?rest_route=%2Fwp%2Fv2%2Fcomments&post=1822"}],"version-history":[{"count":3,"href":"http:\/\/ilanmoskovitch.com\/index.php?rest_route=\/wp\/v2\/pages\/1822\/revisions"}],"predecessor-version":[{"id":1825,"href":"http:\/\/ilanmoskovitch.com\/index.php?rest_route=\/wp\/v2\/pages\/1822\/revisions\/1825"}],"wp:featuredmedia":[{"embeddable":true,"href":"http:\/\/ilanmoskovitch.com\/index.php?rest_route=\/wp\/v2\/media\/1537"}],"wp:attachment":[{"href":"http:\/\/ilanmoskovitch.com\/index.php?rest_route=%2Fwp%2Fv2%2Fmedia&parent=1822"}],"curies":[{"name":"wp","href":"https:\/\/api.w.org\/{rel}","templated":true}]}}